{"id":21796,"date":"2024-03-04T12:16:03","date_gmt":"2024-03-04T12:16:03","guid":{"rendered":"https:\/\/prinwork.com\/wix-entegrasyonu\/"},"modified":"2024-03-21T14:12:32","modified_gmt":"2024-03-21T14:12:32","slug":"wix-entegrasyonu","status":"publish","type":"page","link":"https:\/\/prinwork.com\/en\/marketplace-integrations\/wix-entegrasyonu\/","title":{"rendered":"Wix Entegrasyonu"},"content":{"rendered":"\t\t<div data-elementor-type=\"wp-page\" data-elementor-id=\"21796\" class=\"elementor elementor-21796\" data-elementor-post-type=\"page\">\n\t\t\t\t<div data-particle_enable=\"false\" data-particle-mobile-disabled=\"false\" class=\"elementor-element elementor-element-13a7713 e-flex e-con-boxed wpr-particle-no wpr-jarallax-no wpr-parallax-no wpr-sticky-section-no e-con e-parent\" data-id=\"13a7713\" data-element_type=\"container\" data-e-type=\"container\" data-settings=\"{&quot;ekit_has_onepagescroll_dot&quot;:&quot;yes&quot;}\">\n\t\t\t\t\t<div class=\"e-con-inner\">\n\t\t\t\t\t<\/div>\n\t\t\t\t<\/div>\n\t\t<div data-particle_enable=\"false\" data-particle-mobile-disabled=\"false\" class=\"elementor-element elementor-element-3b9624a e-con-full e-flex wpr-particle-no wpr-jarallax-no wpr-parallax-no wpr-sticky-section-no e-con e-parent\" data-id=\"3b9624a\" data-element_type=\"container\" data-e-type=\"container\" data-settings=\"{&quot;ekit_has_onepagescroll_dot&quot;:&quot;yes&quot;}\">\n\t\t\t\t<div class=\"elementor-element elementor-element-fd700ac color-scheme-inherit text-left elementor-widget elementor-widget-text-editor\" data-id=\"fd700ac\" data-element_type=\"widget\" data-e-type=\"widget\" data-settings=\"{&quot;ekit_we_effect_on&quot;:&quot;none&quot;}\" data-widget_type=\"text-editor.default\">\n\t\t\t\t<div class=\"elementor-widget-container\">\n\t\t\t\t\t\t\t\t\t<p>Wix-PrinWork entegrasyonu sa\u011flanarak kendi web sitesi \u00fczerinden sat\u0131\u015f yapan e-ticaret sat\u0131c\u0131lar\u0131; sipari\u015f y\u00f6netimini \u00fcretimden teslimata kadar tek panelden ger\u00e7ekle\u015ftirilebilir.<br \/><br \/><strong>Nas\u0131l m\u0131?<\/strong><br \/><br \/>Wix tabanl\u0131 online platform entegre edildikten sonra gelen sipari\u015fler an\u0131nda PrinWork paneline d\u00fc\u015fer. \u00dcretime ba\u015flanmas\u0131 i\u00e7in e\u015fle\u015fme sa\u011flan\u0131lan \u00fcreticilere otomatik aktar\u0131l\u0131r. \u00dcretim tamamland\u0131ktan sonra kalite-kontrol s\u00fcre\u00e7leri PrinWork taraf\u0131ndan ger\u00e7ekle\u015ftirilir. Haz\u0131rlanan sipari\u015fler al\u0131c\u0131lar\u0131na direkt olarak ula\u015ft\u0131r\u0131lmak \u00fczere da\u011f\u0131t\u0131ma \u00e7\u0131kar\u0131l\u0131r. Bu s\u00fcre\u00e7 ger\u00e7ekle\u015firken stok-depo ihtiyac\u0131 ortadan kalkm\u0131\u015f olur.<\/p>\t\t\t\t\t\t\t\t<\/div>\n\t\t\t\t<\/div>\n\t\t\t\t<\/div>\n\t\t<div data-particle_enable=\"false\" data-particle-mobile-disabled=\"false\" class=\"elementor-element elementor-element-a9d0858 e-con-full e-flex wpr-particle-no wpr-jarallax-no wpr-parallax-no wpr-sticky-section-no e-con e-parent\" data-id=\"a9d0858\" data-element_type=\"container\" data-e-type=\"container\" data-settings=\"{&quot;ekit_has_onepagescroll_dot&quot;:&quot;yes&quot;}\">\n\t\t\t\t<div class=\"elementor-element elementor-element-bd3a72d elementor-widget elementor-widget-image\" data-id=\"bd3a72d\" data-element_type=\"widget\" data-e-type=\"widget\" data-settings=\"{&quot;ekit_we_effect_on&quot;:&quot;none&quot;}\" data-widget_type=\"image.default\">\n\t\t\t\t<div class=\"elementor-widget-container\">\n\t\t\t\t\t\t\t\t\t\t\t\t\t\t\t<img decoding=\"async\" class=\"wd-lazy-load wd-lazy-fade\" src=\"https:\/\/prinwork.com\/wp-content\/themes\/woodmart\/images\/lazy.png\" data-wood-src=\"https:\/\/prinwork.com\/wp-content\/uploads\/elementor\/thumbs\/HDStockImages.com-bxi4sm-qkprokcujtr4b868ky7nqq2nqdvxvmxospz5xn6hqw.jpg\" title=\"HDStockImages.com-bxi4sm\" alt=\"HDStockImages.com-bxi4sm\" loading=\"lazy\" \/>\t\t\t\t\t\t\t\t\t\t\t\t\t\t\t<\/div>\n\t\t\t\t<\/div>\n\t\t\t\t<\/div>\n\t\t<div data-particle_enable=\"false\" data-particle-mobile-disabled=\"false\" class=\"elementor-element elementor-element-e2b670f e-flex e-con-boxed wpr-particle-no wpr-jarallax-no wpr-parallax-no wpr-sticky-section-no e-con e-parent\" data-id=\"e2b670f\" data-element_type=\"container\" data-e-type=\"container\" data-settings=\"{&quot;ekit_has_onepagescroll_dot&quot;:&quot;yes&quot;}\">\n\t\t\t\t\t<div class=\"e-con-inner\">\n\t\t\t\t<div class=\"elementor-element elementor-element-ab84087 elementor-widget elementor-widget-heading\" data-id=\"ab84087\" data-element_type=\"widget\" data-e-type=\"widget\" data-settings=\"{&quot;ekit_we_effect_on&quot;:&quot;none&quot;}\" data-widget_type=\"heading.default\">\n\t\t\t\t<div class=\"elementor-widget-container\">\n\t\t\t\t\t<h1 class=\"elementor-heading-title elementor-size-default\">Wix Hakk\u0131nda\n<\/h1>\t\t\t\t<\/div>\n\t\t\t\t<\/div>\n\t\t\t\t\t<\/div>\n\t\t\t\t<\/div>\n\t\t<div data-particle_enable=\"false\" data-particle-mobile-disabled=\"false\" class=\"elementor-element elementor-element-3fbc007 e-con-full e-flex wpr-particle-no wpr-jarallax-no wpr-parallax-no wpr-sticky-section-no e-con e-parent\" data-id=\"3fbc007\" data-element_type=\"container\" data-e-type=\"container\" data-settings=\"{&quot;ekit_has_onepagescroll_dot&quot;:&quot;yes&quot;}\">\n\t\t\t\t<div class=\"elementor-element elementor-element-953d982 color-scheme-inherit text-left elementor-widget elementor-widget-text-editor\" data-id=\"953d982\" data-element_type=\"widget\" data-e-type=\"widget\" data-settings=\"{&quot;ekit_we_effect_on&quot;:&quot;none&quot;}\" data-widget_type=\"text-editor.default\">\n\t\t\t\t<div class=\"elementor-widget-container\">\n\t\t\t\t\t\t\t\t\t<div class=\"elementor-section elementor-top-section elementor-element elementor-element-ceb9106 elementor-section-boxed elementor-section-height-default elementor-section-height-default\" data-id=\"ceb9106\" data-element_type=\"section\"><div class=\"elementor-container elementor-column-gap-default\"><div class=\"elementor-column elementor-col-100 elementor-top-column elementor-element elementor-element-d48b2c1\" data-id=\"d48b2c1\" data-element_type=\"column\"><div class=\"elementor-widget-wrap elementor-element-populated\"><div class=\"elementor-element elementor-element-a486eff elementor-widget elementor-widget-text-editor\" data-id=\"a486eff\" data-element_type=\"widget\" data-widget_type=\"text-editor.default\"><div class=\"elementor-widget-container\"><p>Wix, kullan\u0131c\u0131lar\u0131n kolay bir \u015fekilde web sitesi olu\u015fturmas\u0131na ve yay\u0131nlamas\u0131na olanak tan\u0131yan bir web sitesi olu\u015fturma ve yay\u0131nlama platformudur.<\/p><p>Kullan\u0131c\u0131lar; Wix \u00fczerinde grafikler, metinler, resimler ve di\u011fer i\u00e7erikleri kullanarak kendi web sitelerini tasarlamak ve yay\u0131nlamak i\u00e7in \u00e7e\u015fitli ara\u00e7lar ve \u00f6zelle\u015ftirme se\u00e7eneklerine eri\u015febilirler. Wix, kodlama bilgisi gerektirmeyen bir aray\u00fcze sahiptir ve kullan\u0131c\u0131lar\u0131n web sitelerini SEO dostu hale getirmelerine ve sosyal medya ile entegre etmelerine olanak tan\u0131r.<br \/><br \/>Wix, markalar\u0131n internette g\u00f6r\u00fcn\u00fcrl\u00fck kazanmas\u0131na ve m\u00fc\u015fteriye ula\u015fmas\u0131na yard\u0131mc\u0131 olmak i\u00e7in bir\u00e7ok \u00f6zelli\u011fe sahiptir:<\/p><ol><li aria-level=\"1\"><strong>Kendi web sitesi olu\u015fturma:<\/strong>\u00a0Markalar, Wix \u00fczerinde kendilerine \u00f6zg\u00fc bir web sitesi olu\u015fturabilir ve tasarlamaya ba\u015flayabilirler.<\/li><li aria-level=\"1\"><strong>SEO dostu:<\/strong>\u00a0Wix, markalar\u0131n web sitelerini arama motorlar\u0131 taraf\u0131ndan daha kolay bulunmas\u0131n\u0131 sa\u011flar.<\/li><li aria-level=\"1\"><strong>Sosyal medya entegrasyonu:<\/strong>\u00a0Markalar, Wix \u00fczerinde bulunan sosyal medya entegrasyonu \u00f6zelli\u011fini kullanarak sosyal medya hesaplar\u0131 ile web sitelerini entegre edebilirler.<\/li><li aria-level=\"1\"><strong>\u00c7evrimi\u00e7i ma\u011faza:<\/strong>\u00a0Wix, markalar\u0131n \u00e7evrimi\u00e7i ma\u011faza a\u00e7mas\u0131na olanak tan\u0131r ve bu sayede \u00fcr\u00fcnlerini d\u00fcnya \u00e7ap\u0131nda satabilirler.<\/li><li aria-level=\"1\"><strong>Veri analitikleri:<\/strong>\u00a0Markalar, Wix \u00fczerinde bulunan veri analitik \u00f6zelliklerini kullanarak web sitelerinin performans\u0131n\u0131 izleyebilir ve optimize edebilirler.<\/li><\/ol><p><br \/>Bu \u00f6zellikler, markalar\u0131n internette daha g\u00f6r\u00fcn\u00fcr hale gelmelerine, m\u00fc\u015fteriye ula\u015fmalar\u0131na ve sat\u0131\u015flar\u0131n\u0131 art\u0131rmalar\u0131na yard\u0131mc\u0131 olur. Wix hakk\u0131nda daha fazlas\u0131 i\u00e7in PrinWork blog sayfas\u0131 ziyaret edilebilir.\u00a0<\/p><\/div><\/div><\/div><\/div><\/div><\/div><section id=\"media\" class=\"elementor-section elementor-top-section elementor-element elementor-element-598eee0b elementor-section-boxed elementor-section-height-default elementor-section-height-default\" data-id=\"598eee0b\" data-element_type=\"section\"><div class=\"elementor-container elementor-column-gap-default\"><div class=\"elementor-column elementor-col-100 elementor-top-column elementor-element elementor-element-35b95894\" data-id=\"35b95894\" data-element_type=\"column\">\u00a0<\/div><\/div><\/section>\t\t\t\t\t\t\t\t<\/div>\n\t\t\t\t<\/div>\n\t\t\t\t<\/div>\n\t\t\t\t<section data-particle_enable=\"false\" data-particle-mobile-disabled=\"false\" class=\"elementor-section elementor-top-section elementor-element elementor-element-b8a3f9e wd-section-stretch elementor-section-height-min-height elementor-section-boxed elementor-section-height-default elementor-section-items-middle wpr-particle-no wpr-jarallax-no wpr-parallax-no wpr-sticky-section-no\" data-id=\"b8a3f9e\" data-element_type=\"section\" data-e-type=\"section\" data-settings=\"{&quot;background_background&quot;:&quot;classic&quot;,&quot;ekit_has_onepagescroll_dot&quot;:&quot;yes&quot;}\">\n\t\t\t\t\t\t<div class=\"elementor-container elementor-column-gap-default\">\n\t\t\t\t\t<div class=\"elementor-column elementor-col-100 elementor-top-column elementor-element elementor-element-220882f\" data-id=\"220882f\" data-element_type=\"column\" data-e-type=\"column\">\n\t\t\t<div class=\"elementor-widget-wrap elementor-element-populated\">\n\t\t\t\t\t\t<div class=\"elementor-element elementor-element-41fd81b elementor-widget__width-initial wd-width-100 elementor-widget elementor-widget-wd_title\" data-id=\"41fd81b\" data-element_type=\"widget\" data-e-type=\"widget\" data-settings=\"{&quot;ekit_we_effect_on&quot;:&quot;none&quot;}\" data-widget_type=\"wd_title.default\">\n\t\t\t\t<div class=\"elementor-widget-container\">\n\t\t\t\t\t\t\t<div class=\"title-wrapper set-mb-s reset-last-child wd-title-color-white wd-title-style-default wd-title-size-large text-center\">\n\n\t\t\t\n\t\t\t<div class=\"liner-continer\">\n\t\t\t\t<h1 class=\"woodmart-title-container title wd-fontsize-xxl\">PrinWork Yolculu\u011funuza Haz\u0131r m\u0131s\u0131n\u0131z?<\/h1> \n\t\t\t\t\t\t\t<\/div>\n\n\t\t\t\t\t\t\t<div class=\"title-after_title set-cont-mb-s reset-last-child wd-fontsize-s\">\n\t\t\t\t\t<p>PrinWork ile m\u00fckemmel bir e-ticaret deneyimine yolculu\u011funuza haz\u0131r olun. Entegre edin ve dakikalar i\u00e7inde d\u00fcnya \u00e7ap\u0131ndaki pazar yerlerinde sat\u0131\u015f yapmaya ba\u015flay\u0131n.<\/p>\t\t\t\t<\/div>\n\t\t\t\t\t<\/div>\n\t\t\t\t\t\t<\/div>\n\t\t\t\t<\/div>\n\t\t\t\t\t<\/div>\n\t\t<\/div>\n\t\t\t\t\t<\/div>\n\t\t<\/section>\n\t\t<div data-particle_enable=\"false\" data-particle-mobile-disabled=\"false\" class=\"elementor-element elementor-element-2e68a97 e-flex e-con-boxed wpr-particle-no wpr-jarallax-no wpr-parallax-no wpr-sticky-section-no e-con e-parent\" data-id=\"2e68a97\" data-element_type=\"container\" data-e-type=\"container\" data-settings=\"{&quot;ekit_has_onepagescroll_dot&quot;:&quot;yes&quot;}\">\n\t\t\t\t\t<div class=\"e-con-inner\">\n\t\t\t\t<div class=\"elementor-element elementor-element-f2f6a01 elementor-widget elementor-widget-wd_button\" data-id=\"f2f6a01\" data-element_type=\"widget\" data-e-type=\"widget\" data-settings=\"{&quot;ekit_we_effect_on&quot;:&quot;none&quot;}\" data-widget_type=\"wd_button.default\">\n\t\t\t\t<div class=\"elementor-widget-container\">\n\t\t\t\t\t\t\t<div class=\"wd-button-wrapper text-center\" >\n\t\t\t<a class=\"btn btn-style-default btn-style-semi-round btn-size-default btn-color-primary btn-icon-pos-right\"  href=\"https:\/\/app.prinwork.com\/login\" target=\"_blank\">\n\t\t\t\t<span class=\"wd-btn-text\" data-elementor-setting-key=\"text\">\n\t\t\t\t\tKay\u0131t ol\t\t\t\t<\/span>\n\n\t\t\t\t\t\t\t<\/a>\n\t\t<\/div>\n\t\t\t\t\t\t<\/div>\n\t\t\t\t<\/div>\n\t\t\t\t\t<\/div>\n\t\t\t\t<\/div>\n\t\t\t\t<\/div>\n\t\t","protected":false},"excerpt":{"rendered":"<p>Wix-PrinWork entegrasyonu sa\u011flanarak kendi web sitesi \u00fczerinden sat\u0131\u015f yapan e-ticaret sat\u0131c\u0131lar\u0131; sipari\u015f y\u00f6netimini \u00fcretimden teslimata kadar tek panelden ger\u00e7ekle\u015ftirilebilir. Nas\u0131l<\/p>\n","protected":false},"author":3,"featured_media":0,"parent":20761,"menu_order":0,"comment_status":"closed","ping_status":"closed","template":"","meta":{"om_disable_all_campaigns":false,"footnotes":""},"class_list":["post-21796","page","type-page","status-publish","hentry"],"acf":[],"_links":{"self":[{"href":"https:\/\/prinwork.com\/en\/wp-json\/wp\/v2\/pages\/21796","targetHints":{"allow":["GET"]}}],"collection":[{"href":"https:\/\/prinwork.com\/en\/wp-json\/wp\/v2\/pages"}],"about":[{"href":"https:\/\/prinwork.com\/en\/wp-json\/wp\/v2\/types\/page"}],"author":[{"embeddable":true,"href":"https:\/\/prinwork.com\/en\/wp-json\/wp\/v2\/users\/3"}],"replies":[{"embeddable":true,"href":"https:\/\/prinwork.com\/en\/wp-json\/wp\/v2\/comments?post=21796"}],"version-history":[{"count":11,"href":"https:\/\/prinwork.com\/en\/wp-json\/wp\/v2\/pages\/21796\/revisions"}],"predecessor-version":[{"id":23387,"href":"https:\/\/prinwork.com\/en\/wp-json\/wp\/v2\/pages\/21796\/revisions\/23387"}],"up":[{"embeddable":true,"href":"https:\/\/prinwork.com\/en\/wp-json\/wp\/v2\/pages\/20761"}],"wp:attachment":[{"href":"https:\/\/prinwork.com\/en\/wp-json\/wp\/v2\/media?parent=21796"}],"curies":[{"name":"wp","href":"https:\/\/api.w.org\/{rel}","templated":true}]}}