{"id":18893,"date":"2024-02-01T12:15:52","date_gmt":"2024-02-01T12:15:52","guid":{"rendered":"https:\/\/prinwork.com\/partnerlik\/"},"modified":"2024-04-19T07:46:19","modified_gmt":"2024-04-19T07:46:19","slug":"partnership","status":"publish","type":"page","link":"https:\/\/prinwork.com\/en\/partnership\/","title":{"rendered":"Partnership"},"content":{"rendered":"\t\t<div data-elementor-type=\"wp-page\" data-elementor-id=\"18893\" class=\"elementor elementor-18893\" data-elementor-post-type=\"page\">\n\t\t\t\t<div data-particle_enable=\"false\" data-particle-mobile-disabled=\"false\" class=\"elementor-element elementor-element-22836060 e-con-full e-flex wpr-particle-no wpr-jarallax-no wpr-parallax-no wpr-sticky-section-no e-con e-parent\" data-id=\"22836060\" data-element_type=\"container\" data-e-type=\"container\" data-settings=\"{&quot;ekit_has_onepagescroll_dot&quot;:&quot;yes&quot;}\">\n\t\t\t\t<div class=\"elementor-element elementor-element-10bab956 elementor-drop-cap-yes elementor-widget__width-inherit color-scheme-inherit text-left elementor-drop-cap-view-default elementor-widget elementor-widget-text-editor\" data-id=\"10bab956\" data-element_type=\"widget\" data-e-type=\"widget\" data-settings=\"{&quot;drop_cap&quot;:&quot;yes&quot;,&quot;ekit_we_effect_on&quot;:&quot;none&quot;}\" data-widget_type=\"text-editor.default\">\n\t\t\t\t<div class=\"elementor-widget-container\">\n\t\t\t\t\t\t\t\t\t<p style=\"text-decoration: underline; color: orange;\"><\/p>\n<h2 class=\"wp-elements-3173b9beae520a1c03841de449ed8ba1\" style=\"text-decoration: underline; color: orange;\"><span style=\"color: #000000;\"><strong>EARN AS YOU EARN WITH PRINWORK<\/strong><\/span><\/h2>\n<h3><strong>Build Your Ecosystem Now and Start Earning!<\/strong><\/h3>\n<h4 class=\"has-black-color has-text-color has-link-color\"><span dir=\"ltr\" style=\"box-sizing: inherit; color: rgba(0, 0, 0, 0); white-space: pre; cursor: text; transform-origin: 0px 0px; position: absolute; font-style: normal; font-variant-ligatures: common-ligatures; font-variant-caps: normal; font-weight: 400; left: 106.425px; top: 307.099px; font-size: 18px; font-family: sans-serif; transform: scaleX(1.12533);\" role=\"presentation\">Een<\/span><br style=\"box-sizing: inherit; color: rgba(0, 0, 0, 0); white-space: pre; cursor: text; transform-origin: 0px 0px; position: absolute; font-family: Slack-Lato, Slack-Fractions, appleLogo, sans-serif; font-size: 15px; font-variant-ligatures: common-ligatures;\" role=\"presentation\" \/><span dir=\"ltr\" style=\"box-sizing: inherit; color: rgba(0, 0, 0, 0); white-space: pre; cursor: text; transform-origin: 0px 0px; position: absolute; font-style: normal; font-variant-ligatures: common-ligatures; font-variant-caps: normal; font-weight: 400; left: 106.425px; top: 328.099px; font-size: 18px; font-family: sans-serif; transform: scaleX(1.14045);\" role=\"presentation\"><br \/><\/span><span dir=\"ltr\" role=\"presentation\">You have a group of sellers on Etsy, Shopify, Amazon, AliExpress and similar marketplaces and you want to turn it into passive income?\u00a0<\/span><\/h4>\n<h4 class=\"has-black-color has-text-color has-link-color\"><br role=\"presentation\" \/><span dir=\"ltr\" role=\"presentation\">We have an offer just for you! Become a sales partner of PrinWork immediately and earn from every sale of the seller who registers with the link specially defined for you. <\/span><\/h4>\n<p class=\"has-black-color has-text-color has-link-color\"><br style=\"box-sizing: inherit; color: rgba(0, 0, 0, 0); white-space: pre; cursor: text; transform-origin: 0px 0px; position: absolute; font-family: Slack-Lato, Slack-Fractions, appleLogo, sans-serif; font-size: 15px; font-variant-ligatures: common-ligatures;\" role=\"presentation\" \/><span dir=\"ltr\" style=\"box-sizing: inherit; color: rgba(0, 0, 0, 0); white-space: pre; cursor: text; transform-origin: 0px 0px; position: absolute; font-style: normal; font-variant-ligatures: common-ligatures; font-variant-caps: normal; font-weight: 400; left: 106.425px; top: 370.099px; font-size: 18px; font-family: sans-serif; transform: scaleX(1.14433);\" role=\"presentation\">me sat\u0131\u015f\u0131ndan siz <\/span><span dir=\"ltr\" style=\"box-sizing: inherit; color: rgba(0, 0, 0, 0); white-space: pre; cursor: text; transform-origin: 0px 0px; position: absolute; font-style: normal; font-variant-ligatures: common-ligatures; font-variant-caps: normal; font-weight: 400; left: 106.425px; top: 412.099px; font-size: 18px; font-family: sans-serif; transform: scaleX(1.10759);\" role=\"presentation\">kazan\u0131n.<\/span><\/p>\n<p><\/p>\n<p style=\"text-decoration: underline; color: orange; font-size: small;\"><\/p>\n<h2 class=\"wp-elements-8ac18607be982c819319042f22cb83d9\" style=\"text-decoration: underline; color: orange;\"><span style=\"color: #000000;\"><strong>START EARNING AS YOU EARN!<\/strong><\/span><\/h2>\n<h4><strong><span dir=\"ltr\" role=\"presentation\">1. Join PrinWork Partners!<\/span><\/strong><\/h4>\n<h4><span dir=\"ltr\" role=\"presentation\">Sign up now for free to invite your friends and start earning.<\/span><\/h4>\n<h4><br role=\"presentation\" \/><strong><span dir=\"ltr\" role=\"presentation\">2. Introduce PrinWork<\/span><\/strong><\/h4>\n<h4><span dir=\"ltr\" role=\"presentation\">Send your PrinWork link to your friends and start earning from their first order! <\/span><\/h4>\n<h4><br role=\"presentation\" \/><strong><span dir=\"ltr\" role=\"presentation\">3. It&#8217;s Your Turn to Win!<\/span><\/strong><\/h4>\n<h4><br role=\"presentation\" \/><span dir=\"ltr\" role=\"presentation\">Increase your earnings by taking up to 15% of each order produced.<\/span><\/h4>\n<p>\u00a0<\/p>\n<p><\/p>\n<p style=\"text-decoration: underline; color: orange; font-size: small;\"><\/p>\n<h2 class=\"wp-elements-957c58515289d8f6491b1840b935a089\" style=\"text-decoration: underline; color: orange;\"><span style=\"color: #000000;\"><strong>WHO ARE WE LOOKING FOR?<\/strong><\/span><\/h2>\n<h4 class=\"has-black-color has-text-color has-link-color\"><span dir=\"ltr\" role=\"presentation\">Educators, content producers and SAAS entrepreneurs who want to contribute to and support the development of e-export in Turkey can participate in this programme<\/span><span dir=\"ltr\" role=\"presentation\">.<\/span><\/h4>\n<p>\u00a0<\/p>\n<p><\/p>\n<p style=\"text-decoration: underline; color: orange; font-size: small;\"><\/p>\n<h2 class=\"wp-elements-f28007569f93b314a778c6031c878d90\" style=\"text-decoration: underline; color: orange;\"><span style=\"color: #000000;\"><strong>QUESTIONS AND APPLICATION<\/strong><\/span><\/h2>\n<div class=\"p-pdf_iframe__page\" aria-label=\"Page 1\" data-page-number=\"1\">\n<h4 class=\"textLayer\"><span dir=\"ltr\" role=\"presentation\">With the Earn As You Earn programme, it is aimed that influencers and trainers who contribute to the development of Turkey in the field of e-export and appeal to a certain audience in this field, introduce entrepreneurs to PrinWork and earn at this point.<\/span><\/h4>\n<\/div>\n<h4>\u00a0<\/h4>\n<h4><span dir=\"ltr\" role=\"presentation\">Our main goal is to bring PrinWork, which provides a quality, innovative software and production service, together with e-export entrepreneurs, and to develop a programme where trainers and influencers who will be instrumental in this meeting can also win, and to provide mutual gain. <\/span><\/h4>\n<h4><strong><span dir=\"ltr\" role=\"presentation\">Rules<\/span><\/strong><\/h4>\n<h5><br role=\"presentation\" \/><span dir=\"ltr\" role=\"presentation\">When you become a member of the programme, you will gather your sellers in your own ecosystem with a special ecosystem only for you and a special registration link to this ecosystem<\/span><span dir=\"ltr\" role=\"presentation\">.<\/span><\/h5>\n<h5><span dir=\"ltr\" role=\"presentation\">The control of the account that becomes a member of the system through the programme will be carried out by the Ecosystem owner and PrinWork panels. The existence of accounts belonging to the same person or store will not be considered valid for the programme.<\/span><\/h5>\n<h5><span dir=\"ltr\" role=\"presentation\">The person brought under the programme must be a new member of PrinWork.<\/span><\/h5>\n<h5><span dir=\"ltr\" role=\"presentation\">The money earned by the ecosystem owner within the scope of the programme will be calculated monthly and will be reflected in the bank account or cargo balance depending on the preference within the first 3 days of each month.<\/span><\/h5>\n<h5><span dir=\"ltr\" role=\"presentation\">PrinWork reserves the right to discontinue the programme without prior notice and to change its terms and conditions. PrinWork reserves the right to suspend\/cancel the membership of users if they do not comply with any of the rules written in the manual.<\/span><\/h5>\n<p><\/p>\t\t\t\t\t\t\t\t<\/div>\n\t\t\t\t<\/div>\n\t\t\t\t<\/div>\n\t\t\t\t<section data-particle_enable=\"false\" data-particle-mobile-disabled=\"false\" class=\"wd-negative-gap elementor-section elementor-top-section elementor-element elementor-element-7a52beb6 elementor-section-boxed elementor-section-height-default elementor-section-height-default wpr-particle-no wpr-jarallax-no wpr-parallax-no wpr-sticky-section-no\" data-id=\"7a52beb6\" data-element_type=\"section\" data-e-type=\"section\" data-settings=\"{&quot;ekit_has_onepagescroll_dot&quot;:&quot;yes&quot;}\">\n\t\t\t\t\t\t<div class=\"elementor-container elementor-column-gap-default\">\n\t\t\t\t\t<div class=\"elementor-column elementor-col-100 elementor-top-column elementor-element elementor-element-4d1e4be8\" data-id=\"4d1e4be8\" data-element_type=\"column\" data-e-type=\"column\">\n\t\t\t<div class=\"elementor-widget-wrap elementor-element-populated\">\n\t\t\t\t\t\t<div class=\"elementor-element elementor-element-9a52db1 wd-width-100 elementor-widget elementor-widget-wd_title\" data-id=\"9a52db1\" data-element_type=\"widget\" data-e-type=\"widget\" data-settings=\"{&quot;ekit_we_effect_on&quot;:&quot;none&quot;}\" data-widget_type=\"wd_title.default\">\n\t\t\t\t<div class=\"elementor-widget-container\">\n\t\t\t\t\t\t\t<div class=\"title-wrapper set-mb-s reset-last-child wd-title-color-default wd-title-style-bordered wd-title-size-default text-left\">\n\n\t\t\t\n\t\t\t<div class=\"liner-continer\">\n\t\t\t\t<h4 class=\"woodmart-title-container title wd-fontsize-l\">CONTACT US<\/h4> \n\t\t\t\t\t\t\t<\/div>\n\n\t\t\t\t\t<\/div>\n\t\t\t\t\t\t<\/div>\n\t\t\t\t<\/div>\n\t\t\t\t<div class=\"elementor-element elementor-element-1543cc1c elementor-widget elementor-widget-wd_contact_form_7\" data-id=\"1543cc1c\" data-element_type=\"widget\" data-e-type=\"widget\" data-settings=\"{&quot;ekit_we_effect_on&quot;:&quot;none&quot;}\" data-widget_type=\"wd_contact_form_7.default\">\n\t\t\t\t<div class=\"elementor-widget-container\">\n\t\t\t\t\t\n<div class=\"wpcf7 no-js\" id=\"wpcf7-f18920-o1\" lang=\"tr-TR\" dir=\"ltr\" data-wpcf7-id=\"18920\">\n<div class=\"screen-reader-response\"><p role=\"status\" aria-live=\"polite\" aria-atomic=\"true\"><\/p> <ul><\/ul><\/div>\n<form action=\"\/en\/wp-json\/wp\/v2\/pages\/18893#wpcf7-f18920-o1\" method=\"post\" class=\"wpcf7-form init\" aria-label=\"\u0130leti\u015fim Formu\" novalidate=\"novalidate\" data-status=\"init\">\n<fieldset class=\"hidden-fields-container\"><input type=\"hidden\" name=\"_wpcf7\" value=\"18920\" \/><input type=\"hidden\" name=\"_wpcf7_version\" value=\"6.1.5\" \/><input type=\"hidden\" name=\"_wpcf7_locale\" value=\"tr_TR\" \/><input type=\"hidden\" name=\"_wpcf7_unit_tag\" value=\"wpcf7-f18920-o1\" \/><input type=\"hidden\" name=\"_wpcf7_container_post\" value=\"0\" \/><input type=\"hidden\" name=\"_wpcf7_posted_data_hash\" value=\"\" \/>\n<\/fieldset>\n<div class=\"row\">\n\t<p class=\"col-md-6\"><label>Your Name<\/label><span class=\"wpcf7-form-control-wrap\" data-name=\"your-name\"><input size=\"40\" maxlength=\"400\" class=\"wpcf7-form-control wpcf7-text wpcf7-validates-as-required\" aria-required=\"true\" aria-invalid=\"false\" value=\"\" type=\"text\" name=\"your-name\" \/><\/span>\n\t<\/p>\n\t<p class=\"col-md-6\"><label>Your Mail<\/label><span class=\"wpcf7-form-control-wrap\" data-name=\"your-email\"><input size=\"40\" maxlength=\"400\" class=\"wpcf7-form-control wpcf7-email wpcf7-validates-as-required wpcf7-text wpcf7-validates-as-email\" aria-required=\"true\" aria-invalid=\"false\" value=\"\" type=\"email\" name=\"your-email\" \/><\/span>\n\t<\/p>\n<\/div>\n<div class=\"row\">\n\t<p class=\"col-md-6\"><label>Your Phone Number<\/label><span class=\"wpcf7-form-control-wrap\" data-name=\"tel-767\"><input size=\"40\" maxlength=\"400\" class=\"wpcf7-form-control wpcf7-tel wpcf7-text wpcf7-validates-as-tel\" aria-invalid=\"false\" value=\"\" type=\"tel\" name=\"tel-767\" \/><\/span>\n\t<\/p>\n\t<p class=\"col-md-6\"><label>Company Name<\/label><span class=\"wpcf7-form-control-wrap\" data-name=\"text-1\"><input size=\"40\" maxlength=\"400\" class=\"wpcf7-form-control wpcf7-text\" aria-invalid=\"false\" value=\"\" type=\"text\" name=\"text-1\" \/><\/span>\n\t<\/p>\n<\/div>\n<p><label>Your Message<\/label><span class=\"wpcf7-form-control-wrap\" data-name=\"your-message\"><textarea cols=\"40\" rows=\"10\" maxlength=\"2000\" class=\"wpcf7-form-control wpcf7-textarea\" aria-invalid=\"false\" name=\"your-message\"><\/textarea><\/span>\n<\/p>\n<p><input class=\"wpcf7-form-control wpcf7-submit has-spinner btn-color-black\" type=\"submit\" value=\"SEND\" \/>\n<\/p><div class=\"wpcf7-response-output\" aria-hidden=\"true\"><\/div>\n<\/form>\n<\/div>\n\t\t\t\t<\/div>\n\t\t\t\t<\/div>\n\t\t\t\t\t<\/div>\n\t\t<\/div>\n\t\t\t\t\t<\/div>\n\t\t<\/section>\n\t\t\t\t<\/div>\n\t\t","protected":false},"excerpt":{"rendered":"<p>EARN AS YOU EARN WITH PRINWORK Build Your Ecosystem Now and Start Earning! EenYou have a group of sellers on<\/p>\n","protected":false},"author":2,"featured_media":0,"parent":0,"menu_order":0,"comment_status":"closed","ping_status":"closed","template":"","meta":{"om_disable_all_campaigns":false,"footnotes":""},"class_list":["post-18893","page","type-page","status-publish","hentry"],"acf":[],"_links":{"self":[{"href":"https:\/\/prinwork.com\/en\/wp-json\/wp\/v2\/pages\/18893","targetHints":{"allow":["GET"]}}],"collection":[{"href":"https:\/\/prinwork.com\/en\/wp-json\/wp\/v2\/pages"}],"about":[{"href":"https:\/\/prinwork.com\/en\/wp-json\/wp\/v2\/types\/page"}],"author":[{"embeddable":true,"href":"https:\/\/prinwork.com\/en\/wp-json\/wp\/v2\/users\/2"}],"replies":[{"embeddable":true,"href":"https:\/\/prinwork.com\/en\/wp-json\/wp\/v2\/comments?post=18893"}],"version-history":[{"count":11,"href":"https:\/\/prinwork.com\/en\/wp-json\/wp\/v2\/pages\/18893\/revisions"}],"predecessor-version":[{"id":19057,"href":"https:\/\/prinwork.com\/en\/wp-json\/wp\/v2\/pages\/18893\/revisions\/19057"}],"wp:attachment":[{"href":"https:\/\/prinwork.com\/en\/wp-json\/wp\/v2\/media?parent=18893"}],"curies":[{"name":"wp","href":"https:\/\/api.w.org\/{rel}","templated":true}]}}